{"id":3071,"date":"2026-03-28T21:24:55","date_gmt":"2026-03-28T21:24:55","guid":{"rendered":"https:\/\/sebastianinchauspe.com.ar\/?page_id=3071"},"modified":"2026-03-28T21:25:33","modified_gmt":"2026-03-28T21:25:33","slug":"terminos-y-condiciones","status":"publish","type":"page","link":"https:\/\/sebastianinchauspe.com.ar\/index.php\/terminos-y-condiciones\/","title":{"rendered":"T\u00c9RMINOS Y CONDICIONES"},"content":{"rendered":"\t\t<div data-elementor-type=\"wp-page\" data-elementor-id=\"3071\" class=\"elementor elementor-3071\" data-elementor-post-type=\"page\">\n\t\t\t\t<div class=\"elementor-element elementor-element-a50cbf8 e-flex e-con-boxed e-con e-parent\" data-id=\"a50cbf8\" data-element_type=\"container\" data-e-type=\"container\">\n\t\t\t\t\t<div class=\"e-con-inner\">\n\t\t\t\t<div class=\"elementor-element elementor-element-dfaa579 elementor-widget elementor-widget-heading\" data-id=\"dfaa579\" data-element_type=\"widget\" data-e-type=\"widget\" data-widget_type=\"heading.default\">\n\t\t\t\t<div class=\"elementor-widget-container\">\n\t\t\t\t\t<h2 class=\"elementor-heading-title elementor-size-default\">T\u00c9RMINOS Y CONDICIONES<\/h2>\t\t\t\t<\/div>\n\t\t\t\t<\/div>\n\t\t\t\t<div class=\"elementor-element elementor-element-72e4cf1 elementor-widget elementor-widget-text-editor\" data-id=\"72e4cf1\" data-element_type=\"widget\" data-e-type=\"widget\" data-widget_type=\"text-editor.default\">\n\t\t\t\t<div class=\"elementor-widget-container\">\n\t\t\t\t\t\t\t\t\t<p><strong>T\u00e9rminos y Condiciones de Uso<\/strong><\/p><p>El acceso y uso del presente sitio web implica la aceptaci\u00f3n plena de los siguientes t\u00e9rminos y condiciones:<\/p><p><strong>1. Objeto del sitio<\/strong><br \/>El sitio tiene como finalidad brindar informaci\u00f3n general sobre servicios oftalmol\u00f3gicos y facilitar el contacto entre los usuarios y el Dr. Sebasti\u00e1n Inchauspe.<\/p><p><strong>2. Uso de la informaci\u00f3n<\/strong><br \/>La informaci\u00f3n contenida en este sitio es de car\u00e1cter informativo y no sustituye la consulta m\u00e9dica profesional, diagn\u00f3stico ni tratamiento.<\/p><p><strong>3. Limitaci\u00f3n de responsabilidad<\/strong><br \/>El titular del sitio no se responsabiliza por decisiones tomadas en base a la informaci\u00f3n publicada sin la debida consulta m\u00e9dica.<\/p><p><strong>4. Propiedad intelectual<\/strong><br \/>Todos los contenidos del sitio, incluyendo textos, im\u00e1genes, logotipos y marcas, se encuentran protegidos por la legislaci\u00f3n vigente.<br \/>\u201cPatagonia Visi\u00f3n\u201d es una marca registrada, quedando prohibido su uso sin autorizaci\u00f3n.<\/p><p><strong>5. Uso del sitio<\/strong><br \/>El usuario se compromete a hacer un uso adecuado del sitio y a no emplearlo para actividades il\u00edcitas o contrarias a la buena fe.<\/p><p><strong>6. Enlaces externos<\/strong><br \/>El sitio puede contener enlaces a terceros, sobre los cuales no se tiene control ni responsabilidad respecto de sus contenidos o pol\u00edticas.<\/p><p><strong>7. Modificaciones<\/strong><br \/>El titular se reserva el derecho de modificar estos t\u00e9rminos en cualquier momento sin previo aviso.<\/p>\t\t\t\t\t\t\t\t<\/div>\n\t\t\t\t<\/div>\n\t\t\t\t\t<\/div>\n\t\t\t\t<\/div>\n\t\t\t\t<\/div>\n\t\t","protected":false},"excerpt":{"rendered":"<p>T\u00c9RMINOS Y CONDICIONES T\u00e9rminos y Condiciones de Uso El acceso y uso del presente sitio web implica la aceptaci\u00f3n plena de los siguientes t\u00e9rminos y condiciones: 1. Objeto del sitioEl sitio tiene como finalidad brindar informaci\u00f3n general sobre servicios oftalmol\u00f3gicos y facilitar el contacto entre los usuarios y el Dr. Sebasti\u00e1n Inchauspe. 2. Uso de [&hellip;]<\/p>\n","protected":false},"author":1,"featured_media":0,"parent":0,"menu_order":0,"comment_status":"closed","ping_status":"closed","template":"","meta":{"om_disable_all_campaigns":false,"_monsterinsights_skip_tracking":false,"_monsterinsights_sitenote_active":false,"_monsterinsights_sitenote_note":"","_monsterinsights_sitenote_category":0,"footnotes":""},"class_list":["post-3071","page","type-page","status-publish","hentry"],"aioseo_notices":[],"_links":{"self":[{"href":"https:\/\/sebastianinchauspe.com.ar\/index.php\/wp-json\/wp\/v2\/pages\/3071","targetHints":{"allow":["GET"]}}],"collection":[{"href":"https:\/\/sebastianinchauspe.com.ar\/index.php\/wp-json\/wp\/v2\/pages"}],"about":[{"href":"https:\/\/sebastianinchauspe.com.ar\/index.php\/wp-json\/wp\/v2\/types\/page"}],"author":[{"embeddable":true,"href":"https:\/\/sebastianinchauspe.com.ar\/index.php\/wp-json\/wp\/v2\/users\/1"}],"replies":[{"embeddable":true,"href":"https:\/\/sebastianinchauspe.com.ar\/index.php\/wp-json\/wp\/v2\/comments?post=3071"}],"version-history":[{"count":4,"href":"https:\/\/sebastianinchauspe.com.ar\/index.php\/wp-json\/wp\/v2\/pages\/3071\/revisions"}],"predecessor-version":[{"id":3075,"href":"https:\/\/sebastianinchauspe.com.ar\/index.php\/wp-json\/wp\/v2\/pages\/3071\/revisions\/3075"}],"wp:attachment":[{"href":"https:\/\/sebastianinchauspe.com.ar\/index.php\/wp-json\/wp\/v2\/media?parent=3071"}],"curies":[{"name":"wp","href":"https:\/\/api.w.org\/{rel}","templated":true}]}}