{"id":1939,"date":"2024-01-12T23:08:34","date_gmt":"2024-01-12T23:08:34","guid":{"rendered":"https:\/\/sebastianinchauspe.com.ar\/?page_id=1939"},"modified":"2026-03-28T19:46:55","modified_gmt":"2026-03-28T19:46:55","slug":"sindrome-de-vogt-koyanagi-harada","status":"publish","type":"page","link":"https:\/\/sebastianinchauspe.com.ar\/index.php\/sindrome-de-vogt-koyanagi-harada\/","title":{"rendered":"S\u00edndrome de Vogt-Koyanagi-Harada"},"content":{"rendered":"\t\t<div data-elementor-type=\"wp-page\" data-elementor-id=\"1939\" class=\"elementor elementor-1939\" data-elementor-post-type=\"page\">\n\t\t\t\t<div class=\"elementor-element elementor-element-d0f8a9a e-flex e-con-boxed e-con e-parent\" data-id=\"d0f8a9a\" data-element_type=\"container\" data-e-type=\"container\">\n\t\t\t\t\t<div class=\"e-con-inner\">\n\t\t\t\t<div class=\"elementor-element elementor-element-812d127 elementor-widget elementor-widget-spacer\" data-id=\"812d127\" data-element_type=\"widget\" data-e-type=\"widget\" data-widget_type=\"spacer.default\">\n\t\t\t\t<div class=\"elementor-widget-container\">\n\t\t\t\t\t\t\t<div class=\"elementor-spacer\">\n\t\t\t<div class=\"elementor-spacer-inner\"><\/div>\n\t\t<\/div>\n\t\t\t\t\t\t<\/div>\n\t\t\t\t<\/div>\n\t\t\t\t<div class=\"elementor-element elementor-element-e92234e elementor-widget elementor-widget-heading\" data-id=\"e92234e\" data-element_type=\"widget\" data-e-type=\"widget\" data-widget_type=\"heading.default\">\n\t\t\t\t<div class=\"elementor-widget-container\">\n\t\t\t\t\t<h2 class=\"elementor-heading-title elementor-size-default\">S\u00edndrome de Vogt-Koyanagi-Harada<\/h2>\t\t\t\t<\/div>\n\t\t\t\t<\/div>\n\t\t\t\t<div class=\"elementor-element elementor-element-dab2571 elementor-widget elementor-widget-spacer\" data-id=\"dab2571\" data-element_type=\"widget\" data-e-type=\"widget\" data-widget_type=\"spacer.default\">\n\t\t\t\t<div class=\"elementor-widget-container\">\n\t\t\t\t\t\t\t<div class=\"elementor-spacer\">\n\t\t\t<div class=\"elementor-spacer-inner\"><\/div>\n\t\t<\/div>\n\t\t\t\t\t\t<\/div>\n\t\t\t\t<\/div>\n\t\t\t\t<div class=\"elementor-element elementor-element-1bbe909 elementor-widget elementor-widget-image\" data-id=\"1bbe909\" data-element_type=\"widget\" data-e-type=\"widget\" data-widget_type=\"image.default\">\n\t\t\t\t<div class=\"elementor-widget-container\">\n\t\t\t\t\t\t\t\t\t\t\t\t\t\t\t<img fetchpriority=\"high\" decoding=\"async\" width=\"800\" height=\"640\" src=\"https:\/\/sebastianinchauspe.com.ar\/wp-content\/uploads\/2024\/01\/IMG_0120-1024x819.jpg\" class=\"attachment-large size-large wp-image-1895\" alt=\"\" srcset=\"https:\/\/sebastianinchauspe.com.ar\/wp-content\/uploads\/2024\/01\/IMG_0120-1024x819.jpg 1024w, https:\/\/sebastianinchauspe.com.ar\/wp-content\/uploads\/2024\/01\/IMG_0120-300x240.jpg 300w, https:\/\/sebastianinchauspe.com.ar\/wp-content\/uploads\/2024\/01\/IMG_0120-768x614.jpg 768w, https:\/\/sebastianinchauspe.com.ar\/wp-content\/uploads\/2024\/01\/IMG_0120-1536x1229.jpg 1536w, https:\/\/sebastianinchauspe.com.ar\/wp-content\/uploads\/2024\/01\/IMG_0120-2048x1638.jpg 2048w\" sizes=\"(max-width: 800px) 100vw, 800px\" \/>\t\t\t\t\t\t\t\t\t\t\t\t\t\t\t<\/div>\n\t\t\t\t<\/div>\n\t\t\t\t<div class=\"elementor-element elementor-element-afaaa2b elementor-widget elementor-widget-spacer\" data-id=\"afaaa2b\" data-element_type=\"widget\" data-e-type=\"widget\" data-widget_type=\"spacer.default\">\n\t\t\t\t<div class=\"elementor-widget-container\">\n\t\t\t\t\t\t\t<div class=\"elementor-spacer\">\n\t\t\t<div class=\"elementor-spacer-inner\"><\/div>\n\t\t<\/div>\n\t\t\t\t\t\t<\/div>\n\t\t\t\t<\/div>\n\t\t\t\t<div class=\"elementor-element elementor-element-da45e93 elementor-widget elementor-widget-text-editor\" data-id=\"da45e93\" data-element_type=\"widget\" data-e-type=\"widget\" data-widget_type=\"text-editor.default\">\n\t\t\t\t<div class=\"elementor-widget-container\">\n\t\t\t\t\t\t\t\t\t<p>El S\u00edndrome de Vogt Koyanagi Harada (VKH)<strong> es una enfermedad cr\u00f3nica de origen desconocido, tambi\u00e9n conocido como s\u00edndrome uveo-men\u00edngeo.<\/strong><\/p><p>Afecta a todos los segmentos del ojo en forma bilateral y difusa. Suele cursar con desprendimiento de retina seroso y que puede acompa\u00f1arse de afectaci\u00f3n del sistema nervioso central, alteraciones dermatol\u00f3gicas y auditivas.<\/p><p>Es m\u00e1s com\u00fan en mujeres y afecta predominantemente a individuos hispanos, asi\u00e1ticos y a la poblaci\u00f3n indio-americana.<\/p><p>El cuadro comienza en el estad\u00edo prodr\u00f3mico, con cefaleas, zumbidos en los o\u00eddos (ac\u00fafenos), hipersensibilidad del cuero cabelludo, dolor de cuello con rigidez de nuca. Luego comienzan los s\u00edntomas asociados a la uve\u00edtis, que se prolonga semanas a meses, y se caracteriza por diminuci\u00f3n de la visi\u00f3n que afecta ambos ojos en 70 % de los casos, mientras que el 30 % restante experimenta compromiso del segundo ojo hasta una o dos semanas m\u00e1s tarde. La inflamaci\u00f3n intraocular que se asocia al desprendimiento de retina exudativo puede hacerse presente varios d\u00edas despu\u00e9s del comienzo de la enfermedad y a veces nunca irse si el tratamiento no es lo suficientemente precoz.<\/p>\t\t\t\t\t\t\t\t<\/div>\n\t\t\t\t<\/div>\n\t\t\t\t<div class=\"elementor-element elementor-element-c787ff6 elementor-widget elementor-widget-spacer\" data-id=\"c787ff6\" data-element_type=\"widget\" data-e-type=\"widget\" data-widget_type=\"spacer.default\">\n\t\t\t\t<div class=\"elementor-widget-container\">\n\t\t\t\t\t\t\t<div class=\"elementor-spacer\">\n\t\t\t<div class=\"elementor-spacer-inner\"><\/div>\n\t\t<\/div>\n\t\t\t\t\t\t<\/div>\n\t\t\t\t<\/div>\n\t\t\t\t\t<\/div>\n\t\t\t\t<\/div>\n\t\t<div class=\"elementor-element elementor-element-88b917f e-flex e-con-boxed e-con e-parent\" data-id=\"88b917f\" data-element_type=\"container\" data-e-type=\"container\" data-settings=\"{&quot;background_background&quot;:&quot;classic&quot;}\">\n\t\t\t\t\t<div class=\"e-con-inner\">\n\t\t\t\t<div class=\"elementor-element elementor-element-fa21bdc elementor-widget elementor-widget-spacer\" data-id=\"fa21bdc\" data-element_type=\"widget\" data-e-type=\"widget\" data-widget_type=\"spacer.default\">\n\t\t\t\t<div class=\"elementor-widget-container\">\n\t\t\t\t\t\t\t<div class=\"elementor-spacer\">\n\t\t\t<div class=\"elementor-spacer-inner\"><\/div>\n\t\t<\/div>\n\t\t\t\t\t\t<\/div>\n\t\t\t\t<\/div>\n\t\t<div class=\"elementor-element elementor-element-4230ba6 e-con-full e-flex e-con e-child\" data-id=\"4230ba6\" data-element_type=\"container\" data-e-type=\"container\">\n\t\t<div class=\"elementor-element elementor-element-4f55ffe e-con-full e-flex e-con e-child\" data-id=\"4f55ffe\" data-element_type=\"container\" data-e-type=\"container\">\n\t\t\t\t<div class=\"elementor-element elementor-element-08a7ba0 elementor-widget elementor-widget-heading\" data-id=\"08a7ba0\" data-element_type=\"widget\" data-e-type=\"widget\" data-widget_type=\"heading.default\">\n\t\t\t\t<div class=\"elementor-widget-container\">\n\t\t\t\t\t<h3 class=\"elementor-heading-title elementor-size-default\">El pron\u00f3stico visual es muy variable, pero en general es bueno si el diagn\u00f3stico es temprano y se prescribe un tratamiento adecuado de forma mantenida en el tiempo. A pesar de ello, el 7% presenta resistencia al tratamiento, y en estos casos el pron\u00f3stico visual es malo.<\/h3>\t\t\t\t<\/div>\n\t\t\t\t<\/div>\n\t\t\t\t<div class=\"elementor-element elementor-element-92920ba elementor-widget elementor-widget-spacer\" data-id=\"92920ba\" data-element_type=\"widget\" data-e-type=\"widget\" data-widget_type=\"spacer.default\">\n\t\t\t\t<div class=\"elementor-widget-container\">\n\t\t\t\t\t\t\t<div class=\"elementor-spacer\">\n\t\t\t<div class=\"elementor-spacer-inner\"><\/div>\n\t\t<\/div>\n\t\t\t\t\t\t<\/div>\n\t\t\t\t<\/div>\n\t\t\t\t<\/div>\n\t\t\t\t<\/div>\n\t\t\t\t\t<\/div>\n\t\t\t\t<\/div>\n\t\t<div class=\"elementor-element elementor-element-425246b e-flex e-con-boxed e-con e-parent\" data-id=\"425246b\" data-element_type=\"container\" data-e-type=\"container\">\n\t\t\t\t\t<div class=\"e-con-inner\">\n\t\t\t\t<div class=\"elementor-element elementor-element-2a8a664 elementor-widget elementor-widget-spacer\" data-id=\"2a8a664\" data-element_type=\"widget\" data-e-type=\"widget\" data-widget_type=\"spacer.default\">\n\t\t\t\t<div class=\"elementor-widget-container\">\n\t\t\t\t\t\t\t<div class=\"elementor-spacer\">\n\t\t\t<div class=\"elementor-spacer-inner\"><\/div>\n\t\t<\/div>\n\t\t\t\t\t\t<\/div>\n\t\t\t\t<\/div>\n\t\t\t\t\t<\/div>\n\t\t\t\t<\/div>\n\t\t\t\t<\/div>\n\t\t","protected":false},"excerpt":{"rendered":"<p>S\u00edndrome de Vogt-Koyanagi-Harada El S\u00edndrome de Vogt Koyanagi Harada (VKH) es una enfermedad cr\u00f3nica de origen desconocido, tambi\u00e9n conocido como s\u00edndrome uveo-men\u00edngeo. Afecta a todos los segmentos del ojo en forma bilateral y difusa. Suele cursar con desprendimiento de retina seroso y que puede acompa\u00f1arse de afectaci\u00f3n del sistema nervioso central, alteraciones dermatol\u00f3gicas y auditivas. [&hellip;]<\/p>\n","protected":false},"author":1,"featured_media":1895,"parent":0,"menu_order":0,"comment_status":"closed","ping_status":"closed","template":"","meta":{"om_disable_all_campaigns":false,"_monsterinsights_skip_tracking":false,"_monsterinsights_sitenote_active":false,"_monsterinsights_sitenote_note":"","_monsterinsights_sitenote_category":0,"footnotes":""},"class_list":["post-1939","page","type-page","status-publish","has-post-thumbnail","hentry"],"aioseo_notices":[],"_links":{"self":[{"href":"https:\/\/sebastianinchauspe.com.ar\/index.php\/wp-json\/wp\/v2\/pages\/1939","targetHints":{"allow":["GET"]}}],"collection":[{"href":"https:\/\/sebastianinchauspe.com.ar\/index.php\/wp-json\/wp\/v2\/pages"}],"about":[{"href":"https:\/\/sebastianinchauspe.com.ar\/index.php\/wp-json\/wp\/v2\/types\/page"}],"author":[{"embeddable":true,"href":"https:\/\/sebastianinchauspe.com.ar\/index.php\/wp-json\/wp\/v2\/users\/1"}],"replies":[{"embeddable":true,"href":"https:\/\/sebastianinchauspe.com.ar\/index.php\/wp-json\/wp\/v2\/comments?post=1939"}],"version-history":[{"count":22,"href":"https:\/\/sebastianinchauspe.com.ar\/index.php\/wp-json\/wp\/v2\/pages\/1939\/revisions"}],"predecessor-version":[{"id":3023,"href":"https:\/\/sebastianinchauspe.com.ar\/index.php\/wp-json\/wp\/v2\/pages\/1939\/revisions\/3023"}],"wp:featuredmedia":[{"embeddable":true,"href":"https:\/\/sebastianinchauspe.com.ar\/index.php\/wp-json\/wp\/v2\/media\/1895"}],"wp:attachment":[{"href":"https:\/\/sebastianinchauspe.com.ar\/index.php\/wp-json\/wp\/v2\/media?parent=1939"}],"curies":[{"name":"wp","href":"https:\/\/api.w.org\/{rel}","templated":true}]}}