{"id":1286,"date":"2023-09-23T16:51:14","date_gmt":"2023-09-23T16:51:14","guid":{"rendered":"https:\/\/sebastianinchauspe.com.ar\/?page_id=1286"},"modified":"2026-03-28T19:48:10","modified_gmt":"2026-03-28T19:48:10","slug":"retinopatia-diabetica","status":"publish","type":"page","link":"https:\/\/sebastianinchauspe.com.ar\/index.php\/retinopatia-diabetica\/","title":{"rendered":"Retinopat\u00eda Diab\u00e9tica"},"content":{"rendered":"\t\t<div data-elementor-type=\"wp-page\" data-elementor-id=\"1286\" class=\"elementor elementor-1286\" data-elementor-post-type=\"page\">\n\t\t\t\t<div class=\"elementor-element elementor-element-9f755a1 e-flex e-con-boxed e-con e-parent\" data-id=\"9f755a1\" data-element_type=\"container\" data-e-type=\"container\">\n\t\t\t\t\t<div class=\"e-con-inner\">\n\t\t\t\t<div class=\"elementor-element elementor-element-9546d9c elementor-widget elementor-widget-spacer\" data-id=\"9546d9c\" data-element_type=\"widget\" data-e-type=\"widget\" data-widget_type=\"spacer.default\">\n\t\t\t\t<div class=\"elementor-widget-container\">\n\t\t\t\t\t\t\t<div class=\"elementor-spacer\">\n\t\t\t<div class=\"elementor-spacer-inner\"><\/div>\n\t\t<\/div>\n\t\t\t\t\t\t<\/div>\n\t\t\t\t<\/div>\n\t\t\t\t<div class=\"elementor-element elementor-element-aa0f8b4 elementor-invisible elementor-widget elementor-widget-image\" data-id=\"aa0f8b4\" data-element_type=\"widget\" data-e-type=\"widget\" data-settings=\"{&quot;motion_fx_motion_fx_scrolling&quot;:&quot;yes&quot;,&quot;motion_fx_translateY_effect&quot;:&quot;yes&quot;,&quot;_animation&quot;:&quot;fadeIn&quot;,&quot;motion_fx_translateY_affectedRange&quot;:{&quot;unit&quot;:&quot;%&quot;,&quot;size&quot;:&quot;&quot;,&quot;sizes&quot;:{&quot;start&quot;:0,&quot;end&quot;:37}},&quot;motion_fx_devices&quot;:[&quot;desktop&quot;,&quot;tablet&quot;],&quot;motion_fx_motion_fx_mouse&quot;:&quot;yes&quot;,&quot;motion_fx_tilt_effect&quot;:&quot;yes&quot;,&quot;motion_fx_translateY_speed&quot;:{&quot;unit&quot;:&quot;px&quot;,&quot;size&quot;:4,&quot;sizes&quot;:[]},&quot;motion_fx_tilt_speed&quot;:{&quot;unit&quot;:&quot;px&quot;,&quot;size&quot;:4,&quot;sizes&quot;:[]}}\" data-widget_type=\"image.default\">\n\t\t\t\t<div class=\"elementor-widget-container\">\n\t\t\t\t\t\t\t\t\t\t\t\t\t\t\t<img fetchpriority=\"high\" decoding=\"async\" width=\"627\" height=\"627\" src=\"https:\/\/sebastianinchauspe.com.ar\/wp-content\/uploads\/2022\/05\/Retinopatia-Diabetica\u200b-1.png\" class=\"attachment-full size-full wp-image-497\" alt=\"\" srcset=\"https:\/\/sebastianinchauspe.com.ar\/wp-content\/uploads\/2022\/05\/Retinopatia-Diabetica\u200b-1.png 627w, https:\/\/sebastianinchauspe.com.ar\/wp-content\/uploads\/2022\/05\/Retinopatia-Diabetica\u200b-1-300x300.png 300w, https:\/\/sebastianinchauspe.com.ar\/wp-content\/uploads\/2022\/05\/Retinopatia-Diabetica\u200b-1-150x150.png 150w\" sizes=\"(max-width: 627px) 100vw, 627px\" \/>\t\t\t\t\t\t\t\t\t\t\t\t\t\t\t<\/div>\n\t\t\t\t<\/div>\n\t\t\t\t<div class=\"elementor-element elementor-element-f193a59 elementor-widget elementor-widget-spacer\" data-id=\"f193a59\" data-element_type=\"widget\" data-e-type=\"widget\" data-widget_type=\"spacer.default\">\n\t\t\t\t<div class=\"elementor-widget-container\">\n\t\t\t\t\t\t\t<div class=\"elementor-spacer\">\n\t\t\t<div class=\"elementor-spacer-inner\"><\/div>\n\t\t<\/div>\n\t\t\t\t\t\t<\/div>\n\t\t\t\t<\/div>\n\t\t\t\t<div class=\"elementor-element elementor-element-fb47194 elementor-widget elementor-widget-heading\" data-id=\"fb47194\" data-element_type=\"widget\" data-e-type=\"widget\" data-widget_type=\"heading.default\">\n\t\t\t\t<div class=\"elementor-widget-container\">\n\t\t\t\t\t<h1 class=\"elementor-heading-title elementor-size-default\">Retinopat\u00eda Diab\u00e9tica<\/h1>\t\t\t\t<\/div>\n\t\t\t\t<\/div>\n\t\t\t\t<div class=\"elementor-element elementor-element-35e68a7 elementor-widget elementor-widget-text-editor\" data-id=\"35e68a7\" data-element_type=\"widget\" data-e-type=\"widget\" data-widget_type=\"text-editor.default\">\n\t\t\t\t<div class=\"elementor-widget-container\">\n\t\t\t\t\t\t\t\t\t<p>La retinopat\u00eda diab\u00e9tica contin\u00faa siendo una de las principales causas de ceguera en los Estados Unidos, provocando entre 12,000 y 24,000 nuevos casos cada a\u00f1o.<\/p><p><strong>En pacientes con diabetes que tienen niveles de az\u00facar inadecuados, los vasos sangu\u00edneos pueden empezar a da\u00f1arse, lo que conduce a una enfermedad en la retina, una parte esencial de la visi\u00f3n, conocida como retinopat\u00eda diab\u00e9tica.<\/strong><\/p>\t\t\t\t\t\t\t\t<\/div>\n\t\t\t\t<\/div>\n\t\t\t\t<div class=\"elementor-element elementor-element-de2d542 elementor-widget elementor-widget-spacer\" data-id=\"de2d542\" data-element_type=\"widget\" data-e-type=\"widget\" data-widget_type=\"spacer.default\">\n\t\t\t\t<div class=\"elementor-widget-container\">\n\t\t\t\t\t\t\t<div class=\"elementor-spacer\">\n\t\t\t<div class=\"elementor-spacer-inner\"><\/div>\n\t\t<\/div>\n\t\t\t\t\t\t<\/div>\n\t\t\t\t<\/div>\n\t\t\t\t\t<\/div>\n\t\t\t\t<\/div>\n\t\t<div class=\"elementor-element elementor-element-a6605c6 e-con-full e-flex e-con e-parent\" data-id=\"a6605c6\" data-element_type=\"container\" data-e-type=\"container\">\n\t\t\t\t<div class=\"elementor-element elementor-element-0058ec2 elementor-widget elementor-widget-image\" data-id=\"0058ec2\" data-element_type=\"widget\" data-e-type=\"widget\" data-widget_type=\"image.default\">\n\t\t\t\t<div class=\"elementor-widget-container\">\n\t\t\t\t\t\t\t\t\t\t\t\t\t\t\t<img decoding=\"async\" width=\"800\" height=\"516\" src=\"https:\/\/sebastianinchauspe.com.ar\/wp-content\/uploads\/2024\/01\/7-1024x661.jpg\" class=\"attachment-large size-large wp-image-1912\" alt=\"\" srcset=\"https:\/\/sebastianinchauspe.com.ar\/wp-content\/uploads\/2024\/01\/7-1024x661.jpg 1024w, https:\/\/sebastianinchauspe.com.ar\/wp-content\/uploads\/2024\/01\/7-300x194.jpg 300w, https:\/\/sebastianinchauspe.com.ar\/wp-content\/uploads\/2024\/01\/7-768x496.jpg 768w, https:\/\/sebastianinchauspe.com.ar\/wp-content\/uploads\/2024\/01\/7-1536x991.jpg 1536w, https:\/\/sebastianinchauspe.com.ar\/wp-content\/uploads\/2024\/01\/7.jpg 1596w\" sizes=\"(max-width: 800px) 100vw, 800px\" \/>\t\t\t\t\t\t\t\t\t\t\t\t\t\t\t<\/div>\n\t\t\t\t<\/div>\n\t\t\t\t<div class=\"elementor-element elementor-element-40c8fd9 elementor-widget elementor-widget-image\" data-id=\"40c8fd9\" data-element_type=\"widget\" data-e-type=\"widget\" data-widget_type=\"image.default\">\n\t\t\t\t<div class=\"elementor-widget-container\">\n\t\t\t\t\t\t\t\t\t\t\t\t\t\t\t<img decoding=\"async\" width=\"800\" height=\"468\" src=\"https:\/\/sebastianinchauspe.com.ar\/wp-content\/uploads\/2024\/01\/AG-oi4-1024x599.jpg\" class=\"attachment-large size-large wp-image-1915\" alt=\"\" srcset=\"https:\/\/sebastianinchauspe.com.ar\/wp-content\/uploads\/2024\/01\/AG-oi4-1024x599.jpg 1024w, https:\/\/sebastianinchauspe.com.ar\/wp-content\/uploads\/2024\/01\/AG-oi4-300x175.jpg 300w, https:\/\/sebastianinchauspe.com.ar\/wp-content\/uploads\/2024\/01\/AG-oi4-768x449.jpg 768w, https:\/\/sebastianinchauspe.com.ar\/wp-content\/uploads\/2024\/01\/AG-oi4.jpg 1437w\" sizes=\"(max-width: 800px) 100vw, 800px\" \/>\t\t\t\t\t\t\t\t\t\t\t\t\t\t\t<\/div>\n\t\t\t\t<\/div>\n\t\t\t\t<div class=\"elementor-element elementor-element-884075d elementor-widget elementor-widget-image\" data-id=\"884075d\" data-element_type=\"widget\" data-e-type=\"widget\" data-widget_type=\"image.default\">\n\t\t\t\t<div class=\"elementor-widget-container\">\n\t\t\t\t\t\t\t\t\t\t\t\t\t\t\t<img loading=\"lazy\" decoding=\"async\" width=\"800\" height=\"600\" src=\"https:\/\/sebastianinchauspe.com.ar\/wp-content\/uploads\/2024\/01\/M278668-20190129@091047-L13_0_38_844-S44905-1024x768.jpg\" class=\"attachment-large size-large wp-image-1914\" alt=\"\" srcset=\"https:\/\/sebastianinchauspe.com.ar\/wp-content\/uploads\/2024\/01\/M278668-20190129@091047-L13_0_38_844-S44905-1024x768.jpg 1024w, https:\/\/sebastianinchauspe.com.ar\/wp-content\/uploads\/2024\/01\/M278668-20190129@091047-L13_0_38_844-S44905-300x225.jpg 300w, https:\/\/sebastianinchauspe.com.ar\/wp-content\/uploads\/2024\/01\/M278668-20190129@091047-L13_0_38_844-S44905-768x576.jpg 768w, https:\/\/sebastianinchauspe.com.ar\/wp-content\/uploads\/2024\/01\/M278668-20190129@091047-L13_0_38_844-S44905-1536x1152.jpg 1536w, https:\/\/sebastianinchauspe.com.ar\/wp-content\/uploads\/2024\/01\/M278668-20190129@091047-L13_0_38_844-S44905-2048x1536.jpg 2048w\" sizes=\"(max-width: 800px) 100vw, 800px\" \/>\t\t\t\t\t\t\t\t\t\t\t\t\t\t\t<\/div>\n\t\t\t\t<\/div>\n\t\t\t\t<div class=\"elementor-element elementor-element-f688ed6 elementor-widget elementor-widget-image\" data-id=\"f688ed6\" data-element_type=\"widget\" data-e-type=\"widget\" data-widget_type=\"image.default\">\n\t\t\t\t<div class=\"elementor-widget-container\">\n\t\t\t\t\t\t\t\t\t\t\t\t\t\t\t<img loading=\"lazy\" decoding=\"async\" width=\"800\" height=\"549\" src=\"https:\/\/sebastianinchauspe.com.ar\/wp-content\/uploads\/2024\/01\/AG-od1-1024x703.jpg\" class=\"attachment-large size-large wp-image-1911\" alt=\"\" srcset=\"https:\/\/sebastianinchauspe.com.ar\/wp-content\/uploads\/2024\/01\/AG-od1-1024x703.jpg 1024w, https:\/\/sebastianinchauspe.com.ar\/wp-content\/uploads\/2024\/01\/AG-od1-300x206.jpg 300w, https:\/\/sebastianinchauspe.com.ar\/wp-content\/uploads\/2024\/01\/AG-od1-768x527.jpg 768w, https:\/\/sebastianinchauspe.com.ar\/wp-content\/uploads\/2024\/01\/AG-od1.jpg 1182w\" sizes=\"(max-width: 800px) 100vw, 800px\" \/>\t\t\t\t\t\t\t\t\t\t\t\t\t\t\t<\/div>\n\t\t\t\t<\/div>\n\t\t\t\t<\/div>\n\t\t<div class=\"elementor-element elementor-element-cdbb8a5 e-con-full e-flex e-con e-parent\" data-id=\"cdbb8a5\" data-element_type=\"container\" data-e-type=\"container\" data-settings=\"{&quot;background_background&quot;:&quot;classic&quot;}\">\n\t\t\t\t<div class=\"elementor-element elementor-element-f160f3b elementor-widget elementor-widget-spacer\" data-id=\"f160f3b\" data-element_type=\"widget\" data-e-type=\"widget\" data-widget_type=\"spacer.default\">\n\t\t\t\t<div class=\"elementor-widget-container\">\n\t\t\t\t\t\t\t<div class=\"elementor-spacer\">\n\t\t\t<div class=\"elementor-spacer-inner\"><\/div>\n\t\t<\/div>\n\t\t\t\t\t\t<\/div>\n\t\t\t\t<\/div>\n\t\t<div class=\"elementor-element elementor-element-60b581e e-flex e-con-boxed e-con e-child\" data-id=\"60b581e\" data-element_type=\"container\" data-e-type=\"container\">\n\t\t\t\t\t<div class=\"e-con-inner\">\n\t\t\t\t<div class=\"elementor-element elementor-element-c3e6c0d elementor-hidden-desktop elementor-hidden-tablet elementor-widget elementor-widget-text-editor\" data-id=\"c3e6c0d\" data-element_type=\"widget\" data-e-type=\"widget\" data-widget_type=\"text-editor.default\">\n\t\t\t\t<div class=\"elementor-widget-container\">\n\t\t\t\t\t\t\t\t\t<p>Seg\u00fan el Centro para el Control y la Prevenci\u00f3n de Enfermedades (CDC), <strong>cerca del 90% de la p\u00e9rdida de visi\u00f3n causada por la diabetes puede prevenirse<\/strong>. <strong>La detecci\u00f3n temprana es fundamental.<\/strong> Es de vital importancia que los diab\u00e9ticos se sometan a ex\u00e1menes oculares anuales, incluso antes de manifestar signos de p\u00e9rdida de visi\u00f3n.<\/p>\t\t\t\t\t\t\t\t<\/div>\n\t\t\t\t<\/div>\n\t\t\t\t<div class=\"elementor-element elementor-element-472a59c elementor-hidden-mobile elementor-widget elementor-widget-text-editor\" data-id=\"472a59c\" data-element_type=\"widget\" data-e-type=\"widget\" data-widget_type=\"text-editor.default\">\n\t\t\t\t<div class=\"elementor-widget-container\">\n\t\t\t\t\t\t\t\t\t<p>Seg\u00fan el Centro para el Control y la Prevenci\u00f3n de Enfermedades (CDC), <strong>cerca del 90% de la p\u00e9rdida de visi\u00f3n causada por la diabetes puede prevenirse<\/strong>. <strong>La detecci\u00f3n temprana es fundamental.<\/strong> Es de vital importancia que los diab\u00e9ticos se sometan a ex\u00e1menes oculares anuales, incluso antes de manifestar signos de p\u00e9rdida de visi\u00f3n.<\/p>\t\t\t\t\t\t\t\t<\/div>\n\t\t\t\t<\/div>\n\t\t\t\t\t<\/div>\n\t\t\t\t<\/div>\n\t\t\t\t<\/div>\n\t\t<div class=\"elementor-element elementor-element-8d45a6f e-flex e-con-boxed e-con e-parent\" data-id=\"8d45a6f\" data-element_type=\"container\" data-e-type=\"container\" data-settings=\"{&quot;background_background&quot;:&quot;classic&quot;}\">\n\t\t\t\t\t<div class=\"e-con-inner\">\n\t\t<div class=\"elementor-element elementor-element-395a87d e-flex e-con-boxed e-con e-child\" data-id=\"395a87d\" data-element_type=\"container\" data-e-type=\"container\">\n\t\t\t\t\t<div class=\"e-con-inner\">\n\t\t<div class=\"elementor-element elementor-element-7df6710 e-con-full e-flex e-con e-child\" data-id=\"7df6710\" data-element_type=\"container\" data-e-type=\"container\">\n\t\t\t\t<div class=\"elementor-element elementor-element-d04fedd elementor-widget elementor-widget-heading\" data-id=\"d04fedd\" data-element_type=\"widget\" data-e-type=\"widget\" data-widget_type=\"heading.default\">\n\t\t\t\t<div class=\"elementor-widget-container\">\n\t\t\t\t\t<h2 class=\"elementor-heading-title elementor-size-default\">La enfermedad ocular relacionada con la diabetes abarca:<\/h2>\t\t\t\t<\/div>\n\t\t\t\t<\/div>\n\t\t\t\t<\/div>\n\t\t\t\t<div class=\"elementor-element elementor-element-037ccb9 elementor-widget elementor-widget-spacer\" data-id=\"037ccb9\" data-element_type=\"widget\" data-e-type=\"widget\" data-widget_type=\"spacer.default\">\n\t\t\t\t<div class=\"elementor-widget-container\">\n\t\t\t\t\t\t\t<div class=\"elementor-spacer\">\n\t\t\t<div class=\"elementor-spacer-inner\"><\/div>\n\t\t<\/div>\n\t\t\t\t\t\t<\/div>\n\t\t\t\t<\/div>\n\t\t\t\t<div class=\"elementor-element elementor-element-d3e642c elementor-widget elementor-widget-text-editor\" data-id=\"d3e642c\" data-element_type=\"widget\" data-e-type=\"widget\" data-widget_type=\"text-editor.default\">\n\t\t\t\t<div class=\"elementor-widget-container\">\n\t\t\t\t\t\t\t\t\t<ul><li>Retinopat\u00eda diab\u00e9tica<\/li><li>Edema macular diab\u00e9tico<\/li><li>Cataratas<\/li><li>Glaucoma.<\/li><\/ul>\t\t\t\t\t\t\t\t<\/div>\n\t\t\t\t<\/div>\n\t\t\t\t\t<\/div>\n\t\t\t\t<\/div>\n\t\t\t\t\t<\/div>\n\t\t\t\t<\/div>\n\t\t<div class=\"elementor-element elementor-element-8b0c50a e-flex e-con-boxed e-con e-parent\" data-id=\"8b0c50a\" data-element_type=\"container\" data-e-type=\"container\" data-settings=\"{&quot;background_background&quot;:&quot;classic&quot;}\">\n\t\t\t\t\t<div class=\"e-con-inner\">\n\t\t\t\t<div class=\"elementor-element elementor-element-6f17c7c elementor-widget elementor-widget-spacer\" data-id=\"6f17c7c\" data-element_type=\"widget\" data-e-type=\"widget\" data-widget_type=\"spacer.default\">\n\t\t\t\t<div class=\"elementor-widget-container\">\n\t\t\t\t\t\t\t<div class=\"elementor-spacer\">\n\t\t\t<div class=\"elementor-spacer-inner\"><\/div>\n\t\t<\/div>\n\t\t\t\t\t\t<\/div>\n\t\t\t\t<\/div>\n\t\t\t\t\t<\/div>\n\t\t\t\t<\/div>\n\t\t\t\t<\/div>\n\t\t","protected":false},"excerpt":{"rendered":"<p>Retinopat\u00eda Diab\u00e9tica La retinopat\u00eda diab\u00e9tica contin\u00faa siendo una de las principales causas de ceguera en los Estados Unidos, provocando entre 12,000 y 24,000 nuevos casos cada a\u00f1o. En pacientes con diabetes que tienen niveles de az\u00facar inadecuados, los vasos sangu\u00edneos pueden empezar a da\u00f1arse, lo que conduce a una enfermedad en la retina, una parte [&hellip;]<\/p>\n","protected":false},"author":1,"featured_media":497,"parent":0,"menu_order":0,"comment_status":"closed","ping_status":"closed","template":"elementor_theme","meta":{"om_disable_all_campaigns":false,"_monsterinsights_skip_tracking":false,"_monsterinsights_sitenote_active":false,"_monsterinsights_sitenote_note":"","_monsterinsights_sitenote_category":0,"footnotes":""},"class_list":["post-1286","page","type-page","status-publish","has-post-thumbnail","hentry"],"aioseo_notices":[],"_links":{"self":[{"href":"https:\/\/sebastianinchauspe.com.ar\/index.php\/wp-json\/wp\/v2\/pages\/1286","targetHints":{"allow":["GET"]}}],"collection":[{"href":"https:\/\/sebastianinchauspe.com.ar\/index.php\/wp-json\/wp\/v2\/pages"}],"about":[{"href":"https:\/\/sebastianinchauspe.com.ar\/index.php\/wp-json\/wp\/v2\/types\/page"}],"author":[{"embeddable":true,"href":"https:\/\/sebastianinchauspe.com.ar\/index.php\/wp-json\/wp\/v2\/users\/1"}],"replies":[{"embeddable":true,"href":"https:\/\/sebastianinchauspe.com.ar\/index.php\/wp-json\/wp\/v2\/comments?post=1286"}],"version-history":[{"count":46,"href":"https:\/\/sebastianinchauspe.com.ar\/index.php\/wp-json\/wp\/v2\/pages\/1286\/revisions"}],"predecessor-version":[{"id":3032,"href":"https:\/\/sebastianinchauspe.com.ar\/index.php\/wp-json\/wp\/v2\/pages\/1286\/revisions\/3032"}],"wp:featuredmedia":[{"embeddable":true,"href":"https:\/\/sebastianinchauspe.com.ar\/index.php\/wp-json\/wp\/v2\/media\/497"}],"wp:attachment":[{"href":"https:\/\/sebastianinchauspe.com.ar\/index.php\/wp-json\/wp\/v2\/media?parent=1286"}],"curies":[{"name":"wp","href":"https:\/\/api.w.org\/{rel}","templated":true}]}}