{"id":1277,"date":"2023-09-23T16:36:08","date_gmt":"2023-09-23T16:36:08","guid":{"rendered":"https:\/\/sebastianinchauspe.com.ar\/?page_id=1277"},"modified":"2026-03-28T19:49:07","modified_gmt":"2026-03-28T19:49:07","slug":"desprendimiento-de-retina","status":"publish","type":"page","link":"https:\/\/sebastianinchauspe.com.ar\/index.php\/desprendimiento-de-retina\/","title":{"rendered":"Desprendimiento de Retina\u200b"},"content":{"rendered":"\t\t<div data-elementor-type=\"wp-page\" data-elementor-id=\"1277\" class=\"elementor elementor-1277\" data-elementor-post-type=\"page\">\n\t\t\t\t<div class=\"elementor-element elementor-element-e15011a e-flex e-con-boxed e-con e-parent\" data-id=\"e15011a\" data-element_type=\"container\" data-e-type=\"container\">\n\t\t\t\t\t<div class=\"e-con-inner\">\n\t\t\t\t<div class=\"elementor-element elementor-element-be7e179 elementor-widget elementor-widget-spacer\" data-id=\"be7e179\" data-element_type=\"widget\" data-e-type=\"widget\" data-widget_type=\"spacer.default\">\n\t\t\t\t<div class=\"elementor-widget-container\">\n\t\t\t\t\t\t\t<div class=\"elementor-spacer\">\n\t\t\t<div class=\"elementor-spacer-inner\"><\/div>\n\t\t<\/div>\n\t\t\t\t\t\t<\/div>\n\t\t\t\t<\/div>\n\t\t\t\t<div class=\"elementor-element elementor-element-f058475 elementor-invisible elementor-widget elementor-widget-image\" data-id=\"f058475\" data-element_type=\"widget\" data-e-type=\"widget\" data-settings=\"{&quot;motion_fx_motion_fx_scrolling&quot;:&quot;yes&quot;,&quot;motion_fx_translateY_effect&quot;:&quot;yes&quot;,&quot;_animation&quot;:&quot;fadeIn&quot;,&quot;motion_fx_translateY_affectedRange&quot;:{&quot;unit&quot;:&quot;%&quot;,&quot;size&quot;:&quot;&quot;,&quot;sizes&quot;:{&quot;start&quot;:0,&quot;end&quot;:37}},&quot;motion_fx_devices&quot;:[&quot;desktop&quot;,&quot;tablet&quot;],&quot;motion_fx_motion_fx_mouse&quot;:&quot;yes&quot;,&quot;motion_fx_tilt_effect&quot;:&quot;yes&quot;,&quot;motion_fx_translateY_speed&quot;:{&quot;unit&quot;:&quot;px&quot;,&quot;size&quot;:4,&quot;sizes&quot;:[]},&quot;motion_fx_tilt_speed&quot;:{&quot;unit&quot;:&quot;px&quot;,&quot;size&quot;:4,&quot;sizes&quot;:[]}}\" data-widget_type=\"image.default\">\n\t\t\t\t<div class=\"elementor-widget-container\">\n\t\t\t\t\t\t\t\t\t\t\t\t\t\t\t<img fetchpriority=\"high\" decoding=\"async\" width=\"355\" height=\"311\" src=\"https:\/\/sebastianinchauspe.com.ar\/wp-content\/uploads\/2022\/05\/Desprendimiento_de_Retina.png\" class=\"attachment-medium_large size-medium_large wp-image-572\" alt=\"\" srcset=\"https:\/\/sebastianinchauspe.com.ar\/wp-content\/uploads\/2022\/05\/Desprendimiento_de_Retina.png 355w, https:\/\/sebastianinchauspe.com.ar\/wp-content\/uploads\/2022\/05\/Desprendimiento_de_Retina-300x263.png 300w\" sizes=\"(max-width: 355px) 100vw, 355px\" \/>\t\t\t\t\t\t\t\t\t\t\t\t\t\t\t<\/div>\n\t\t\t\t<\/div>\n\t\t\t\t<div class=\"elementor-element elementor-element-91c26fb elementor-widget elementor-widget-spacer\" data-id=\"91c26fb\" data-element_type=\"widget\" data-e-type=\"widget\" data-widget_type=\"spacer.default\">\n\t\t\t\t<div class=\"elementor-widget-container\">\n\t\t\t\t\t\t\t<div class=\"elementor-spacer\">\n\t\t\t<div class=\"elementor-spacer-inner\"><\/div>\n\t\t<\/div>\n\t\t\t\t\t\t<\/div>\n\t\t\t\t<\/div>\n\t\t\t\t<div class=\"elementor-element elementor-element-d404216 elementor-widget elementor-widget-heading\" data-id=\"d404216\" data-element_type=\"widget\" data-e-type=\"widget\" data-widget_type=\"heading.default\">\n\t\t\t\t<div class=\"elementor-widget-container\">\n\t\t\t\t\t<h1 class=\"elementor-heading-title elementor-size-default\">Desprendimiento de Retina<\/h1>\t\t\t\t<\/div>\n\t\t\t\t<\/div>\n\t\t\t\t<div class=\"elementor-element elementor-element-97de89a elementor-widget elementor-widget-text-editor\" data-id=\"97de89a\" data-element_type=\"widget\" data-e-type=\"widget\" data-widget_type=\"text-editor.default\">\n\t\t\t\t<div class=\"elementor-widget-container\">\n\t\t\t\t\t\t\t\t\t<p>La retina es la membrana que recubre la pared interna del ojo y desempe\u00f1a un papel fundamental en la recepci\u00f3n de la visi\u00f3n, transmiti\u00e9ndola a trav\u00e9s del nervio \u00f3ptico al cerebro, donde se interpretan las im\u00e1genes. La retina es un tejido extremadamente sensible, y cuando se separa de la parte posterior del ojo, deja de funcionar. Esto se conoce como desprendimiento de retina, una afecci\u00f3n grave que nuestros ojos pueden padecer y que, en ausencia de un tratamiento inmediato, puede conducir a la ceguera.<\/p>\t\t\t\t\t\t\t\t<\/div>\n\t\t\t\t<\/div>\n\t\t\t\t<div class=\"elementor-element elementor-element-cf5e851 elementor-widget elementor-widget-spacer\" data-id=\"cf5e851\" data-element_type=\"widget\" data-e-type=\"widget\" data-widget_type=\"spacer.default\">\n\t\t\t\t<div class=\"elementor-widget-container\">\n\t\t\t\t\t\t\t<div class=\"elementor-spacer\">\n\t\t\t<div class=\"elementor-spacer-inner\"><\/div>\n\t\t<\/div>\n\t\t\t\t\t\t<\/div>\n\t\t\t\t<\/div>\n\t\t\t\t\t<\/div>\n\t\t\t\t<\/div>\n\t\t<div class=\"elementor-element elementor-element-deb8c5f e-flex e-con-boxed e-con e-parent\" data-id=\"deb8c5f\" data-element_type=\"container\" data-e-type=\"container\" data-settings=\"{&quot;background_background&quot;:&quot;classic&quot;}\">\n\t\t\t\t\t<div class=\"e-con-inner\">\n\t\t\t\t<div class=\"elementor-element elementor-element-a00f126 elementor-widget__width-inherit elementor-widget elementor-widget-toggle\" data-id=\"a00f126\" data-element_type=\"widget\" data-e-type=\"widget\" data-widget_type=\"toggle.default\">\n\t\t\t\t<div class=\"elementor-widget-container\">\n\t\t\t\t\t\t\t<div class=\"elementor-toggle\">\n\t\t\t\t\t\t\t<div class=\"elementor-toggle-item\">\n\t\t\t\t\t<div id=\"elementor-tab-title-1671\" class=\"elementor-tab-title\" data-tab=\"1\" role=\"button\" aria-controls=\"elementor-tab-content-1671\" aria-expanded=\"false\">\n\t\t\t\t\t\t\t\t\t\t\t\t<span class=\"elementor-toggle-icon elementor-toggle-icon-right\" aria-hidden=\"true\">\n\t\t\t\t\t\t\t\t\t\t\t\t\t\t\t<span class=\"elementor-toggle-icon-closed\"><svg xmlns=\"http:\/\/www.w3.org\/2000\/svg\" id=\"a\" width=\"37.8801\" height=\"37\" viewBox=\"0 0 37.8801 37\"><polygon points=\"37.3801 14 23.72 14 23.72 .5 23.72 0 23.22 0 14.66 0 14.16 0 14.16 .5 14.16 14 .5 14 0 14 0 14.5 0 22.5 0 23 .5 23 14.16 23 14.16 36.5 14.16 37 14.66 37 23.22 37 23.72 37 23.72 36.5 23.72 23 37.3801 23 37.8801 23 37.8801 22.5 37.8801 14.5 37.8801 14 37.3801 14\"><\/polygon><\/svg><\/span>\n\t\t\t\t\t\t\t\t<span class=\"elementor-toggle-icon-opened\"><svg class=\"elementor-toggle-icon-opened e-font-icon-svg e-fas-minus\" viewBox=\"0 0 448 512\" xmlns=\"http:\/\/www.w3.org\/2000\/svg\"><path d=\"M416 208H32c-17.67 0-32 14.33-32 32v32c0 17.67 14.33 32 32 32h384c17.67 0 32-14.33 32-32v-32c0-17.67-14.33-32-32-32z\"><\/path><\/svg><\/span>\n\t\t\t\t\t\t\t\t\t\t\t\t\t<\/span>\n\t\t\t\t\t\t\t\t\t\t\t\t<a class=\"elementor-toggle-title\" tabindex=\"0\">\u00bfC\u00f3mo puedo darme cuenta si estoy experimentando un posible desprendimiento de retina?<\/a>\n\t\t\t\t\t<\/div>\n\n\t\t\t\t\t<div id=\"elementor-tab-content-1671\" class=\"elementor-tab-content elementor-clearfix\" data-tab=\"1\" role=\"region\" aria-labelledby=\"elementor-tab-title-1671\"><ul><li>Si percibes luces parpadeantes de forma repentina (flashes). Algunas personas mencionan ver destellos de luz despu\u00e9s de recibir un golpe en el ojo.<\/li><li>Si notas la aparici\u00f3n s\u00fabita de numerosas moscas volantes al mismo tiempo. Estas pueden parecerse a manchas, l\u00edneas o telara\u00f1as en tu campo de visi\u00f3n.<\/li><li>Si experimentas una sombra en tu visi\u00f3n perif\u00e9rica, similar a un tel\u00f3n de teatro.<\/li><li>Si observas una cortina gris que cubre parte de tu campo de visi\u00f3n.<br \/><br \/><\/li><\/ul><p><strong>Recuerda que si experimentas alguno de estos s\u00edntomas, es fundamental buscar atenci\u00f3n m\u00e9dica de inmediato, ya que un desprendimiento de retina es una emergencia oftalmol\u00f3gica que requiere tratamiento inmediato para evitar posibles da\u00f1os irreparables en la visi\u00f3n.<\/strong><\/p><\/div>\n\t\t\t\t<\/div>\n\t\t\t\t\t\t\t<div class=\"elementor-toggle-item\">\n\t\t\t\t\t<div id=\"elementor-tab-title-1672\" class=\"elementor-tab-title\" data-tab=\"2\" role=\"button\" aria-controls=\"elementor-tab-content-1672\" aria-expanded=\"false\">\n\t\t\t\t\t\t\t\t\t\t\t\t<span class=\"elementor-toggle-icon elementor-toggle-icon-right\" aria-hidden=\"true\">\n\t\t\t\t\t\t\t\t\t\t\t\t\t\t\t<span class=\"elementor-toggle-icon-closed\"><svg xmlns=\"http:\/\/www.w3.org\/2000\/svg\" id=\"a\" width=\"37.8801\" height=\"37\" viewBox=\"0 0 37.8801 37\"><polygon points=\"37.3801 14 23.72 14 23.72 .5 23.72 0 23.22 0 14.66 0 14.16 0 14.16 .5 14.16 14 .5 14 0 14 0 14.5 0 22.5 0 23 .5 23 14.16 23 14.16 36.5 14.16 37 14.66 37 23.22 37 23.72 37 23.72 36.5 23.72 23 37.3801 23 37.8801 23 37.8801 22.5 37.8801 14.5 37.8801 14 37.3801 14\"><\/polygon><\/svg><\/span>\n\t\t\t\t\t\t\t\t<span class=\"elementor-toggle-icon-opened\"><svg class=\"elementor-toggle-icon-opened e-font-icon-svg e-fas-minus\" viewBox=\"0 0 448 512\" xmlns=\"http:\/\/www.w3.org\/2000\/svg\"><path d=\"M416 208H32c-17.67 0-32 14.33-32 32v32c0 17.67 14.33 32 32 32h384c17.67 0 32-14.33 32-32v-32c0-17.67-14.33-32-32-32z\"><\/path><\/svg><\/span>\n\t\t\t\t\t\t\t\t\t\t\t\t\t<\/span>\n\t\t\t\t\t\t\t\t\t\t\t\t<a class=\"elementor-toggle-title\" tabindex=\"0\">\u00bfPor qu\u00e9 se produce el desprendimiento de retina?<\/a>\n\t\t\t\t\t<\/div>\n\n\t\t\t\t\t<div id=\"elementor-tab-content-1672\" class=\"elementor-tab-content elementor-clearfix\" data-tab=\"2\" role=\"region\" aria-labelledby=\"elementor-tab-title-1672\"><p>El ojo est\u00e1 lleno de un gel llamado humor v\u00edtreo. A medida que envejecemos, este v\u00edtreo en nuestros ojos comienza a contraerse. Normalmente, cuando el ojo se mueve, el v\u00edtreo se desplaza sobre la retina sin causar problemas. Sin embargo, en ocasiones, este gel puede adherirse a la retina y ejercer suficiente fuerza para desprenderla. Cuando esto ocurre, el l\u00edquido puede pasar a trav\u00e9s del desgarro o agujero y levantar (desprender) la retina.<\/p><\/div>\n\t\t\t\t<\/div>\n\t\t\t\t\t\t\t\t<\/div>\n\t\t\t\t\t\t<\/div>\n\t\t\t\t<\/div>\n\t\t\t\t\t<\/div>\n\t\t\t\t<\/div>\n\t\t<div class=\"elementor-element elementor-element-2e12872 e-flex e-con-boxed e-con e-parent\" data-id=\"2e12872\" data-element_type=\"container\" data-e-type=\"container\">\n\t\t\t\t\t<div class=\"e-con-inner\">\n\t\t\t\t<div class=\"elementor-element elementor-element-4b54027 elementor-widget elementor-widget-spacer\" data-id=\"4b54027\" data-element_type=\"widget\" data-e-type=\"widget\" data-widget_type=\"spacer.default\">\n\t\t\t\t<div class=\"elementor-widget-container\">\n\t\t\t\t\t\t\t<div class=\"elementor-spacer\">\n\t\t\t<div class=\"elementor-spacer-inner\"><\/div>\n\t\t<\/div>\n\t\t\t\t\t\t<\/div>\n\t\t\t\t<\/div>\n\t\t\t\t<div class=\"elementor-element elementor-element-9d8111f elementor-widget elementor-widget-heading\" data-id=\"9d8111f\" data-element_type=\"widget\" data-e-type=\"widget\" data-widget_type=\"heading.default\">\n\t\t\t\t<div class=\"elementor-widget-container\">\n\t\t\t\t\t<h2 class=\"elementor-heading-title elementor-size-default\">Tratamiento<\/h2>\t\t\t\t<\/div>\n\t\t\t\t<\/div>\n\t\t\t\t<div class=\"elementor-element elementor-element-42b6892 elementor-widget elementor-widget-text-editor\" data-id=\"42b6892\" data-element_type=\"widget\" data-e-type=\"widget\" data-widget_type=\"text-editor.default\">\n\t\t\t\t<div class=\"elementor-widget-container\">\n\t\t\t\t\t\t\t\t\t<p>Es crucial iniciar el tratamiento lo m\u00e1s pronto posible para obtener los mejores resultados visuales.<\/p>\t\t\t\t\t\t\t\t<\/div>\n\t\t\t\t<\/div>\n\t\t\t\t<div class=\"elementor-element elementor-element-5ac7e50 elementor-widget elementor-widget-heading\" data-id=\"5ac7e50\" data-element_type=\"widget\" data-e-type=\"widget\" data-widget_type=\"heading.default\">\n\t\t\t\t<div class=\"elementor-widget-container\">\n\t\t\t\t\t<h3 class=\"elementor-heading-title elementor-size-default\">Vitrectom\u00eda<\/h3>\t\t\t\t<\/div>\n\t\t\t\t<\/div>\n\t\t\t\t<div class=\"elementor-element elementor-element-30e53c5 elementor-widget elementor-widget-text-editor\" data-id=\"30e53c5\" data-element_type=\"widget\" data-e-type=\"widget\" data-widget_type=\"text-editor.default\">\n\t\t\t\t<div class=\"elementor-widget-container\">\n\t\t\t\t\t\t\t\t\t<p>Esta cirug\u00eda se lleva a cabo a trav\u00e9s de tres incisiones muy peque\u00f1as, que en muchas ocasiones no requieren sutura. Durante el procedimiento, se elimina el humor v\u00edtreo que est\u00e1 ejerciendo tracci\u00f3n sobre la retina. Luego, se reposiciona la retina utilizando l\u00edquidos pesados y se realiza la fotocoagulaci\u00f3n l\u00e1ser para sellar todas las lesiones presentes. Finalmente, el humor v\u00edtreo es reemplazado por una burbuja de aire, gas o aceite, dependiendo de la gravedad del caso.<\/p><p>De un total de 2335 ojos analizados, el 87,3% de los casos lograron el \u00e9xito anat\u00f3mico con una sola cirug\u00eda, cifra que aument\u00f3 al 95,2% en casos que requirieron m\u00e1s de una intervenci\u00f3n.<\/p><p>En cuanto al pron\u00f3stico visual, este es altamente variable y depende de las circunstancias particulares de cada paciente. En algunos casos, es posible experimentar mejoras en la visi\u00f3n en un per\u00edodo que abarca desde los seis meses hasta el a\u00f1o posterior a la cirug\u00eda.<\/p>\t\t\t\t\t\t\t\t<\/div>\n\t\t\t\t<\/div>\n\t\t\t\t<div class=\"elementor-element elementor-element-34e1bbf elementor-widget elementor-widget-text-editor\" data-id=\"34e1bbf\" data-element_type=\"widget\" data-e-type=\"widget\" data-widget_type=\"text-editor.default\">\n\t\t\t\t<div class=\"elementor-widget-container\">\n\t\t\t\t\t\t\t\t\t<p>*Ryan, Edwin H et al. \u201cPrimary Retinal Detachment Outcomes Study: Methodology and Overall Outcomes-Primary Retinal Detachment Outcomes Study Report Number 1.\u201d Ophthalmology. Retina vol. 4,8 (2020): 814-822. doi:10.1016\/j.oret.2020.02.014<\/p>\t\t\t\t\t\t\t\t<\/div>\n\t\t\t\t<\/div>\n\t\t\t\t<div class=\"elementor-element elementor-element-7ef5942 elementor-widget elementor-widget-spacer\" data-id=\"7ef5942\" data-element_type=\"widget\" data-e-type=\"widget\" data-widget_type=\"spacer.default\">\n\t\t\t\t<div class=\"elementor-widget-container\">\n\t\t\t\t\t\t\t<div class=\"elementor-spacer\">\n\t\t\t<div class=\"elementor-spacer-inner\"><\/div>\n\t\t<\/div>\n\t\t\t\t\t\t<\/div>\n\t\t\t\t<\/div>\n\t\t\t\t\t<\/div>\n\t\t\t\t<\/div>\n\t\t\t\t<\/div>\n\t\t","protected":false},"excerpt":{"rendered":"<p>Desprendimiento de Retina La retina es la membrana que recubre la pared interna del ojo y desempe\u00f1a un papel fundamental en la recepci\u00f3n de la visi\u00f3n, transmiti\u00e9ndola a trav\u00e9s del nervio \u00f3ptico al cerebro, donde se interpretan las im\u00e1genes. La retina es un tejido extremadamente sensible, y cuando se separa de la parte posterior del [&hellip;]<\/p>\n","protected":false},"author":1,"featured_media":572,"parent":0,"menu_order":0,"comment_status":"closed","ping_status":"closed","template":"elementor_theme","meta":{"om_disable_all_campaigns":false,"_monsterinsights_skip_tracking":false,"_monsterinsights_sitenote_active":false,"_monsterinsights_sitenote_note":"","_monsterinsights_sitenote_category":0,"footnotes":""},"class_list":["post-1277","page","type-page","status-publish","has-post-thumbnail","hentry"],"aioseo_notices":[],"_links":{"self":[{"href":"https:\/\/sebastianinchauspe.com.ar\/index.php\/wp-json\/wp\/v2\/pages\/1277","targetHints":{"allow":["GET"]}}],"collection":[{"href":"https:\/\/sebastianinchauspe.com.ar\/index.php\/wp-json\/wp\/v2\/pages"}],"about":[{"href":"https:\/\/sebastianinchauspe.com.ar\/index.php\/wp-json\/wp\/v2\/types\/page"}],"author":[{"embeddable":true,"href":"https:\/\/sebastianinchauspe.com.ar\/index.php\/wp-json\/wp\/v2\/users\/1"}],"replies":[{"embeddable":true,"href":"https:\/\/sebastianinchauspe.com.ar\/index.php\/wp-json\/wp\/v2\/comments?post=1277"}],"version-history":[{"count":22,"href":"https:\/\/sebastianinchauspe.com.ar\/index.php\/wp-json\/wp\/v2\/pages\/1277\/revisions"}],"predecessor-version":[{"id":3044,"href":"https:\/\/sebastianinchauspe.com.ar\/index.php\/wp-json\/wp\/v2\/pages\/1277\/revisions\/3044"}],"wp:featuredmedia":[{"embeddable":true,"href":"https:\/\/sebastianinchauspe.com.ar\/index.php\/wp-json\/wp\/v2\/media\/572"}],"wp:attachment":[{"href":"https:\/\/sebastianinchauspe.com.ar\/index.php\/wp-json\/wp\/v2\/media?parent=1277"}],"curies":[{"name":"wp","href":"https:\/\/api.w.org\/{rel}","templated":true}]}}